{"id":19636,"date":"2015-04-23T17:04:25","date_gmt":"2015-04-23T15:04:25","guid":{"rendered":"https:\/\/entreprise.sportbeach.fr\/?page_id=19636"},"modified":"2025-03-19T16:27:59","modified_gmt":"2025-03-19T14:27:59","slug":"adresse","status":"publish","type":"page","link":"https:\/\/entreprise.sportbeach.fr\/en\/adresse\/","title":{"rendered":"Address"},"content":{"rendered":"\t\t<div data-elementor-type=\"wp-page\" data-elementor-id=\"19636\" class=\"elementor elementor-19636\" data-elementor-post-type=\"page\">\n\t\t\t\t\t\t<section class=\"elementor-section elementor-top-section elementor-element elementor-element-113738d elementor-section-height-min-height elementor-section-boxed elementor-section-height-default elementor-section-items-middle\" data-id=\"113738d\" data-element_type=\"section\" data-e-type=\"section\" data-settings=\"{&quot;background_background&quot;:&quot;slideshow&quot;,&quot;background_slideshow_gallery&quot;:[{&quot;id&quot;:22369,&quot;url&quot;:&quot;https:\\\/\\\/entreprise.sportbeach.fr\\\/wp-content\\\/uploads\\\/2023\\\/04\\\/sportbeach-0638-1-scaled.jpg&quot;}],&quot;background_slideshow_transition_duration&quot;:1500,&quot;background_slideshow_loop&quot;:&quot;yes&quot;,&quot;background_slideshow_slide_duration&quot;:5000,&quot;background_slideshow_slide_transition&quot;:&quot;fade&quot;}\">\n\t\t\t\t\t\t\t<div class=\"elementor-background-overlay\"><\/div>\n\t\t\t\t\t\t\t<div class=\"elementor-container elementor-column-gap-default\">\n\t\t\t\t\t<div class=\"elementor-column elementor-col-100 elementor-top-column elementor-element elementor-element-609268a\" data-id=\"609268a\" data-element_type=\"column\" data-e-type=\"column\">\n\t\t\t<div class=\"elementor-widget-wrap\">\n\t\t\t\t\t\t\t<\/div>\n\t\t<\/div>\n\t\t\t\t\t<\/div>\n\t\t<\/section>\n\t\t\t\t<section class=\"elementor-section elementor-top-section elementor-element elementor-element-68bbe76b elementor-section-full_width elementor-section-content-middle elementor-section-height-default elementor-section-height-default\" data-id=\"68bbe76b\" data-element_type=\"section\" data-e-type=\"section\" data-settings=\"{&quot;background_background&quot;:&quot;classic&quot;}\">\n\t\t\t\t\t\t<div class=\"elementor-container elementor-column-gap-no\">\n\t\t\t\t\t<div class=\"elementor-column elementor-col-100 elementor-top-column elementor-element elementor-element-3d110538\" data-id=\"3d110538\" data-element_type=\"column\" data-e-type=\"column\">\n\t\t\t<div class=\"elementor-widget-wrap elementor-element-populated\">\n\t\t\t\t\t\t<div class=\"elementor-element elementor-element-7fd81c97 elementor-widget elementor-widget-heading\" data-id=\"7fd81c97\" data-element_type=\"widget\" data-e-type=\"widget\" data-widget_type=\"heading.default\">\n\t\t\t\t<div class=\"elementor-widget-container\">\n\t\t\t\t\t<h4 class=\"elementor-heading-title elementor-size-default\">ADRESSE<\/h4>\t\t\t\t<\/div>\n\t\t\t\t<\/div>\n\t\t\t\t<section class=\"elementor-section elementor-inner-section elementor-element elementor-element-2e49e28c elementor-section-boxed elementor-section-height-default elementor-section-height-default\" data-id=\"2e49e28c\" data-element_type=\"section\" data-e-type=\"section\">\n\t\t\t\t\t\t<div class=\"elementor-container elementor-column-gap-default\">\n\t\t\t\t\t<div class=\"elementor-column elementor-col-33 elementor-inner-column elementor-element elementor-element-17bb337b\" data-id=\"17bb337b\" data-element_type=\"column\" data-e-type=\"column\">\n\t\t\t<div class=\"elementor-widget-wrap elementor-element-populated\">\n\t\t\t\t\t\t<div class=\"elementor-element elementor-element-7eff8f18 elementor-hidden-mobile elementor-widget elementor-widget-heading\" data-id=\"7eff8f18\" data-element_type=\"widget\" data-e-type=\"widget\" data-widget_type=\"heading.default\">\n\t\t\t\t<div class=\"elementor-widget-container\">\n\t\t\t\t\t<h3 class=\"elementor-heading-title elementor-size-default\">ADRESSE<\/h3>\t\t\t\t<\/div>\n\t\t\t\t<\/div>\n\t\t\t\t\t<\/div>\n\t\t<\/div>\n\t\t\t\t<div class=\"elementor-column elementor-col-33 elementor-inner-column elementor-element elementor-element-30786ed1\" data-id=\"30786ed1\" data-element_type=\"column\" data-e-type=\"column\">\n\t\t\t<div class=\"elementor-widget-wrap elementor-element-populated\">\n\t\t\t\t\t\t<div class=\"elementor-element elementor-element-249fde4d elementor-widget__width-initial elementor-widget elementor-widget-text-editor\" data-id=\"249fde4d\" data-element_type=\"widget\" data-e-type=\"widget\" data-widget_type=\"text-editor.default\">\n\t\t\t\t<div class=\"elementor-widget-container\">\n\t\t\t\t\t\t\t\t\t<p>138 Avenue Pierre Mend\u00e8s France, 13008 Marseille<\/p>\t\t\t\t\t\t\t\t<\/div>\n\t\t\t\t<\/div>\n\t\t\t\t\t<\/div>\n\t\t<\/div>\n\t\t\t\t<div class=\"elementor-column elementor-col-33 elementor-inner-column elementor-element elementor-element-45d429ac\" data-id=\"45d429ac\" data-element_type=\"column\" data-e-type=\"column\">\n\t\t\t<div class=\"elementor-widget-wrap elementor-element-populated\">\n\t\t\t\t\t\t<div class=\"elementor-element elementor-element-2de0ef6b elementor-widget__width-inherit cTbTN elementor-align-right elementor-mobile-align-center elementor-widget elementor-widget-button\" data-id=\"2de0ef6b\" data-element_type=\"widget\" data-e-type=\"widget\" data-widget_type=\"button.default\">\n\t\t\t\t<div class=\"elementor-widget-container\">\n\t\t\t\t\t\t\t\t\t<div class=\"elementor-button-wrapper\">\n\t\t\t\t\t<a class=\"elementor-button elementor-button-link elementor-size-md elementor-animation-grow\" href=\"https:\/\/www.google.com\/maps\/dir\/?api=1&#038;destination=SPORTBEACH+138+Avenue+Pierre+Mend%C3%A8s+France+13008+Marseille\" target=\"_blank\" rel=\"nofollow\">\n\t\t\t\t\t\t<span class=\"elementor-button-content-wrapper\">\n\t\t\t\t\t\t\t\t\t<span class=\"elementor-button-text\">ITIN\u00c9RAIRE<\/span>\n\t\t\t\t\t<\/span>\n\t\t\t\t\t<\/a>\n\t\t\t\t<\/div>\n\t\t\t\t\t\t\t\t<\/div>\n\t\t\t\t<\/div>\n\t\t\t\t\t<\/div>\n\t\t<\/div>\n\t\t\t\t\t<\/div>\n\t\t<\/section>\n\t\t\t\t<section class=\"elementor-section elementor-inner-section elementor-element elementor-element-5becb20f elementor-section-boxed elementor-section-height-default elementor-section-height-default\" data-id=\"5becb20f\" data-element_type=\"section\" data-e-type=\"section\">\n\t\t\t\t\t\t<div class=\"elementor-container elementor-column-gap-default\">\n\t\t\t\t\t<div class=\"elementor-column elementor-col-100 elementor-inner-column elementor-element elementor-element-2e2858d9\" data-id=\"2e2858d9\" data-element_type=\"column\" data-e-type=\"column\">\n\t\t\t<div class=\"elementor-widget-wrap elementor-element-populated\">\n\t\t\t\t\t\t<div class=\"elementor-element elementor-element-59f900d7 elementor-widget-divider--view-line elementor-widget elementor-widget-divider\" data-id=\"59f900d7\" data-element_type=\"widget\" data-e-type=\"widget\" data-widget_type=\"divider.default\">\n\t\t\t\t<div class=\"elementor-widget-container\">\n\t\t\t\t\t\t\t<div class=\"elementor-divider\">\n\t\t\t<span class=\"elementor-divider-separator\">\n\t\t\t\t\t\t<\/span>\n\t\t<\/div>\n\t\t\t\t\t\t<\/div>\n\t\t\t\t<\/div>\n\t\t\t\t\t<\/div>\n\t\t<\/div>\n\t\t\t\t\t<\/div>\n\t\t<\/section>\n\t\t\t\t<section class=\"elementor-section elementor-inner-section elementor-element elementor-element-69047af9 elementor-section-boxed elementor-section-height-default elementor-section-height-default\" data-id=\"69047af9\" data-element_type=\"section\" data-e-type=\"section\">\n\t\t\t\t\t\t<div class=\"elementor-container elementor-column-gap-default\">\n\t\t\t\t\t<div class=\"elementor-column elementor-col-50 elementor-inner-column elementor-element elementor-element-1cf630ec\" data-id=\"1cf630ec\" data-element_type=\"column\" data-e-type=\"column\">\n\t\t\t<div class=\"elementor-widget-wrap elementor-element-populated\">\n\t\t\t\t\t\t<div class=\"elementor-element elementor-element-1569a60f elementor-widget elementor-widget-heading\" data-id=\"1569a60f\" data-element_type=\"widget\" data-e-type=\"widget\" data-widget_type=\"heading.default\">\n\t\t\t\t<div class=\"elementor-widget-container\">\n\t\t\t\t\t<h3 class=\"elementor-heading-title elementor-size-default\">acc\u00e8s<\/h3>\t\t\t\t<\/div>\n\t\t\t\t<\/div>\n\t\t\t\t\t<\/div>\n\t\t<\/div>\n\t\t\t\t<div class=\"elementor-column elementor-col-50 elementor-inner-column elementor-element elementor-element-5861fda0\" data-id=\"5861fda0\" data-element_type=\"column\" data-e-type=\"column\">\n\t\t\t<div class=\"elementor-widget-wrap elementor-element-populated\">\n\t\t\t\t\t\t<div class=\"elementor-element elementor-element-515a124c elementor-icon-list--layout-traditional elementor-list-item-link-full_width elementor-widget elementor-widget-icon-list\" data-id=\"515a124c\" data-element_type=\"widget\" data-e-type=\"widget\" data-widget_type=\"icon-list.default\">\n\t\t\t\t<div class=\"elementor-widget-container\">\n\t\t\t\t\t\t\t<ul class=\"elementor-icon-list-items\">\n\t\t\t\t\t\t\t<li class=\"elementor-icon-list-item\">\n\t\t\t\t\t\t\t\t\t\t\t<span class=\"elementor-icon-list-icon\">\n\t\t\t\t\t\t\t<i aria-hidden=\"true\" class=\"fas fa-bus-alt\"><\/i>\t\t\t\t\t\t<\/span>\n\t\t\t\t\t\t\t\t\t\t<span class=\"elementor-icon-list-text\">Ligne 19 : Cette ligne relie Castellane \u00e0 Madrague de Montredon. L'arr\u00eat \"Hippodrome Plage\" est situ\u00e9 \u00e0 proximit\u00e9 imm\u00e9diate du SportBeach.<\/span>\n\t\t\t\t\t\t\t\t\t<\/li>\n\t\t\t\t\t\t\t\t<li class=\"elementor-icon-list-item\">\n\t\t\t\t\t\t\t\t\t\t\t<span class=\"elementor-icon-list-icon\">\n\t\t\t\t\t\t\t<i aria-hidden=\"true\" class=\"fas fa-bus-alt\"><\/i>\t\t\t\t\t\t<\/span>\n\t\t\t\t\t\t\t\t\t\t<span class=\"elementor-icon-list-text\">Ligne S7 : Cette ligne dessert l'arr\u00eat \"Escale Bor\u00e9ly\", situ\u00e9 \u00e0 environ 4 minutes de marche du SportBeach.<\/span>\n\t\t\t\t\t\t\t\t\t<\/li>\n\t\t\t\t\t\t\t\t<li class=\"elementor-icon-list-item\">\n\t\t\t\t\t\t\t\t\t\t\t<span class=\"elementor-icon-list-icon\">\n\t\t\t\t\t\t\t<i aria-hidden=\"true\" class=\"fas fa-bus-alt\"><\/i>\t\t\t\t\t\t<\/span>\n\t\t\t\t\t\t\t\t\t\t<span class=\"elementor-icon-list-text\">Ligne 47 : Elle s'arr\u00eate \u00e0 \"Hippodrome Bor\u00e9ly\", \u00e0 environ 5 minutes \u00e0 pied du SportBeach.\u00a0<\/span>\n\t\t\t\t\t\t\t\t\t<\/li>\n\t\t\t\t\t\t\t\t<li class=\"elementor-icon-list-item\">\n\t\t\t\t\t\t\t\t\t\t\t<span class=\"elementor-icon-list-icon\">\n\t\t\t\t\t\t\t<i aria-hidden=\"true\" class=\"fas fa-bus-alt\"><\/i>\t\t\t\t\t\t<\/span>\n\t\t\t\t\t\t\t\t\t\t<span class=\"elementor-icon-list-text\">Ligne 44 : Cet arr\u00eat est \u00e0 environ 9 minutes de marche du SportBeach.<\/span>\n\t\t\t\t\t\t\t\t\t<\/li>\n\t\t\t\t\t\t<\/ul>\n\t\t\t\t\t\t<\/div>\n\t\t\t\t<\/div>\n\t\t\t\t\t<\/div>\n\t\t<\/div>\n\t\t\t\t\t<\/div>\n\t\t<\/section>\n\t\t\t\t\t<\/div>\n\t\t<\/div>\n\t\t\t\t\t<\/div>\n\t\t<\/section>\n\t\t\t\t<section class=\"elementor-section elementor-top-section elementor-element elementor-element-e13ac04 elementor-section-boxed elementor-section-height-default elementor-section-height-default\" data-id=\"e13ac04\" data-element_type=\"section\" data-e-type=\"section\">\n\t\t\t\t\t\t<div class=\"elementor-container elementor-column-gap-default\">\n\t\t\t\t\t<div class=\"elementor-column elementor-col-100 elementor-top-column elementor-element elementor-element-6e3eb03\" data-id=\"6e3eb03\" data-element_type=\"column\" data-e-type=\"column\">\n\t\t\t<div class=\"elementor-widget-wrap elementor-element-populated\">\n\t\t\t\t\t\t<div class=\"elementor-element elementor-element-a489474 elementor-widget elementor-widget-google_maps\" data-id=\"a489474\" data-element_type=\"widget\" data-e-type=\"widget\" data-widget_type=\"google_maps.default\">\n\t\t\t\t<div class=\"elementor-widget-container\">\n\t\t\t\t\t\t\t<div class=\"elementor-custom-embed\">\n\t\t\t<iframe loading=\"lazy\"\n\t\t\t\t\tsrc=\"https:\/\/maps.google.com\/maps?q=138%20Avenue%20Pierre%20Mend%C3%A8s%20France%2C%2013008%20Marseill&#038;t=m&#038;z=15&#038;output=embed&#038;iwloc=near\"\n\t\t\t\t\ttitle=\"138 Avenue Pierre Mend\u00e8s France, 13008 Marseill\"\n\t\t\t\t\taria-label=\"138 Avenue Pierre Mend\u00e8s France, 13008 Marseill\"\n\t\t\t><\/iframe>\n\t\t<\/div>\n\t\t\t\t\t\t<\/div>\n\t\t\t\t<\/div>\n\t\t\t\t\t<\/div>\n\t\t<\/div>\n\t\t\t\t\t<\/div>\n\t\t<\/section>\n\t\t\t\t<\/div>\n\t\t","protected":false},"excerpt":{"rendered":"<p>ADRESSE ADRESSE 138 Avenue Pierre Mend\u00e8s France, 13008 Marseille ITIN\u00c9RAIRE acc\u00e8s Ligne 19 : Cette ligne relie Castellane \u00e0 Madrague de Montredon. L&rsquo;arr\u00eat \u00ab\u00a0Hippodrome Plage\u00a0\u00bb est situ\u00e9 \u00e0 proximit\u00e9 imm\u00e9diate du SportBeach. Ligne S7 : Cette ligne dessert l&rsquo;arr\u00eat \u00ab\u00a0Escale Bor\u00e9ly\u00a0\u00bb, situ\u00e9 \u00e0 environ 4 minutes de marche du SportBeach. Ligne 47 : Elle s&rsquo;arr\u00eate [&hellip;]<\/p>\n","protected":false},"author":1,"featured_media":0,"parent":0,"menu_order":0,"comment_status":"closed","ping_status":"closed","template":"","meta":{"footnotes":""},"class_list":["post-19636","page","type-page","status-publish","hentry"],"yoast_head":"<!-- This site is optimized with the Yoast SEO plugin v27.5 - https:\/\/yoast.com\/product\/yoast-seo-wordpress\/ -->\n<title>Adresse -<\/title>\n<meta name=\"robots\" content=\"index, follow, max-snippet:-1, max-image-preview:large, max-video-preview:-1\" \/>\n<link rel=\"canonical\" href=\"https:\/\/entreprise.sportbeach.fr\/en\/adresse\/\" \/>\n<meta name=\"twitter:label1\" content=\"Estimated reading time\" \/>\n\t<meta name=\"twitter:data1\" content=\"1 minute\" \/>\n<script type=\"application\/ld+json\" class=\"yoast-schema-graph\">{\"@context\":\"https:\\\/\\\/schema.org\",\"@graph\":[{\"@type\":\"WebPage\",\"@id\":\"https:\\\/\\\/entreprise.sportbeach.fr\\\/adresse\\\/\",\"url\":\"https:\\\/\\\/entreprise.sportbeach.fr\\\/adresse\\\/\",\"name\":\"Adresse -\",\"isPartOf\":{\"@id\":\"https:\\\/\\\/entreprise.sportbeach.fr\\\/#website\"},\"datePublished\":\"2015-04-23T15:04:25+00:00\",\"dateModified\":\"2025-03-19T14:27:59+00:00\",\"breadcrumb\":{\"@id\":\"https:\\\/\\\/entreprise.sportbeach.fr\\\/adresse\\\/#breadcrumb\"},\"inLanguage\":\"en-GB\",\"potentialAction\":[{\"@type\":\"ReadAction\",\"target\":[\"https:\\\/\\\/entreprise.sportbeach.fr\\\/adresse\\\/\"]}]},{\"@type\":\"BreadcrumbList\",\"@id\":\"https:\\\/\\\/entreprise.sportbeach.fr\\\/adresse\\\/#breadcrumb\",\"itemListElement\":[{\"@type\":\"ListItem\",\"position\":1,\"name\":\"Accueil\",\"item\":\"https:\\\/\\\/entreprise.sportbeach.fr\\\/\"},{\"@type\":\"ListItem\",\"position\":2,\"name\":\"Adresse\"}]},{\"@type\":\"WebSite\",\"@id\":\"https:\\\/\\\/entreprise.sportbeach.fr\\\/#website\",\"url\":\"https:\\\/\\\/entreprise.sportbeach.fr\\\/\",\"name\":\"SPORTBEACH\",\"description\":\"Restaurant avec piscine \u00e0 la Pointe Rouge \u00e0 Marseille\",\"potentialAction\":[{\"@type\":\"SearchAction\",\"target\":{\"@type\":\"EntryPoint\",\"urlTemplate\":\"https:\\\/\\\/entreprise.sportbeach.fr\\\/?s={search_term_string}\"},\"query-input\":{\"@type\":\"PropertyValueSpecification\",\"valueRequired\":true,\"valueName\":\"search_term_string\"}}],\"inLanguage\":\"en-GB\"}]}<\/script>\n<!-- \/ Yoast SEO plugin. -->","yoast_head_json":{"title":"Address","robots":{"index":"index","follow":"follow","max-snippet":"max-snippet:-1","max-image-preview":"max-image-preview:large","max-video-preview":"max-video-preview:-1"},"canonical":"https:\/\/entreprise.sportbeach.fr\/en\/adresse\/","twitter_misc":{"Estimated reading time":"1 minute"},"schema":{"@context":"https:\/\/schema.org","@graph":[{"@type":"WebPage","@id":"https:\/\/entreprise.sportbeach.fr\/adresse\/","url":"https:\/\/entreprise.sportbeach.fr\/adresse\/","name":"Address","isPartOf":{"@id":"https:\/\/entreprise.sportbeach.fr\/#website"},"datePublished":"2015-04-23T15:04:25+00:00","dateModified":"2025-03-19T14:27:59+00:00","breadcrumb":{"@id":"https:\/\/entreprise.sportbeach.fr\/adresse\/#breadcrumb"},"inLanguage":"en-GB","potentialAction":[{"@type":"ReadAction","target":["https:\/\/entreprise.sportbeach.fr\/adresse\/"]}]},{"@type":"BreadcrumbList","@id":"https:\/\/entreprise.sportbeach.fr\/adresse\/#breadcrumb","itemListElement":[{"@type":"ListItem","position":1,"name":"Accueil","item":"https:\/\/entreprise.sportbeach.fr\/"},{"@type":"ListItem","position":2,"name":"Adresse"}]},{"@type":"WebSite","@id":"https:\/\/entreprise.sportbeach.fr\/#website","url":"https:\/\/entreprise.sportbeach.fr\/","name":"SPORTBEACH","description":"Restaurant with swimming pool at the Pointe Rouge in Marseille","potentialAction":[{"@type":"SearchAction","target":{"@type":"EntryPoint","urlTemplate":"https:\/\/entreprise.sportbeach.fr\/?s={search_term_string}"},"query-input":{"@type":"PropertyValueSpecification","valueRequired":true,"valueName":"search_term_string"}}],"inLanguage":"en-GB"}]}},"_links":{"self":[{"href":"https:\/\/entreprise.sportbeach.fr\/en\/wp-json\/wp\/v2\/pages\/19636","targetHints":{"allow":["GET"]}}],"collection":[{"href":"https:\/\/entreprise.sportbeach.fr\/en\/wp-json\/wp\/v2\/pages"}],"about":[{"href":"https:\/\/entreprise.sportbeach.fr\/en\/wp-json\/wp\/v2\/types\/page"}],"author":[{"embeddable":true,"href":"https:\/\/entreprise.sportbeach.fr\/en\/wp-json\/wp\/v2\/users\/1"}],"replies":[{"embeddable":true,"href":"https:\/\/entreprise.sportbeach.fr\/en\/wp-json\/wp\/v2\/comments?post=19636"}],"version-history":[{"count":3,"href":"https:\/\/entreprise.sportbeach.fr\/en\/wp-json\/wp\/v2\/pages\/19636\/revisions"}],"predecessor-version":[{"id":24626,"href":"https:\/\/entreprise.sportbeach.fr\/en\/wp-json\/wp\/v2\/pages\/19636\/revisions\/24626"}],"wp:attachment":[{"href":"https:\/\/entreprise.sportbeach.fr\/en\/wp-json\/wp\/v2\/media?parent=19636"}],"curies":[{"name":"wp","href":"https:\/\/api.w.org\/{rel}","templated":true}]}}